{"id":74448,"date":"2015-06-06T17:38:29","date_gmt":"2015-06-06T10:38:29","guid":{"rendered":"https:\/\/structure.thememove.com\/?page_id=74448"},"modified":"2025-01-10T20:09:25","modified_gmt":"2025-01-10T20:09:25","slug":"careers","status":"publish","type":"page","link":"https:\/\/gpme.ro\/?page_id=74448","title":{"rendered":"Locuri Munca"},"content":{"rendered":"<div class=\"wpb-content-wrapper\"><p>[vc_row css=&#8221;.vc_custom_1432547512827{margin-bottom: 50px !important;}&#8221;][vc_column width=&#8221;1\/4&#8243;][vc_widget_sidebar sidebar_id=&#8221;sidebar&#8221;][\/vc_column][vc_column width=&#8221;3\/4&#8243;][vc_custom_heading text=&#8221;BENEFICII \u0218I RECOMPENSE&#8221; css=&#8221;.vc_custom_1736539356149{margin-bottom: 20px !important;}&#8221; el_class=&#8221;heading-title-3&#8243;][vc_accordion][vc_accordion_tab title=&#8221;S\u0103n\u0103tate \u0219i bun\u0103stare corporativ\u0103&#8221;][vc_column_text css=&#8221;&#8221;]Nu ezita\u021bi s\u0103 ne contacta\u021bi dac\u0103 ave\u021bi \u00eentreb\u0103ri sau nel\u0103muriri. Suntem aici pentru a v\u0103 ajuta \u0219i suntem bucuro\u0219i s\u0103 v\u0103 rezolv\u0103m orice problem\u0103. V\u0103 rug\u0103m s\u0103 nu ezita\u021bi s\u0103 ne contacta\u021bi oric\u00e2nd. V\u0103 vom reveni c\u00e2t mai cur\u00e2nd posibil.[\/vc_column_text][\/vc_accordion_tab][vc_accordion_tab title=&#8221;Beneficiile pl\u0103tite de compania noastr\u0103&#8221;][vc_column_text css=&#8221;&#8221;]Nam viverra scelerisque turpis id fermentum. Sed bibendum sit amet odio tempor venenatis. Quisque vel lectus sem. Sed convallis ligula sit amet. Nam viverra scelerisque turpis id fermentum.[\/vc_column_text][\/vc_accordion_tab][vc_accordion_tab title=&#8221;Beneficii voluntare pl\u0103tite de angaja\u021bi&#8221;][vc_column_text]I am text block. Click edit button to change this text. Lorem ipsum dolor sit amet, consectetur adipiscing elit. Ut elit tellus, luctus nec ullamcorper mattis, pulvinar dapibus leo.[\/vc_column_text][\/vc_accordion_tab][\/vc_accordion][vc_empty_space][vc_custom_heading text=&#8221;Posturi De Munca&#8221; css=&#8221;.vc_custom_1736539450749{margin-bottom: 20px !important;}&#8221; el_class=&#8221;heading-title-3&#8243;][vc_column_text]<div class=\"job_listings\" data-location=\"\" data-keywords=\"\" data-show_filters=\"true\" data-show_pagination=\"false\" data-per_page=\"10\" data-orderby=\"featured\" data-order=\"DESC\" data-categories=\"\" data-disable-form-state-storage=\"\" data-featured_first=\"false\" data-post_id=\"74448\" >\n<form class=\"job_filters\">\n\t\n\t<div class=\"search_jobs\">\n\t\t\n\t\t<div class=\"search_keywords\">\n\t\t\t<label for=\"search_keywords\">Keywords<\/label>\n\t\t\t<input type=\"text\" name=\"search_keywords\" id=\"search_keywords\" placeholder=\"Keywords\" value=\"\" \/>\n\t\t<\/div>\n\n\t\t<div class=\"search_location\">\n\t\t\t<label for=\"search_location\">Location<\/label>\n\t\t\t<input type=\"text\" name=\"search_location\" id=\"search_location\" placeholder=\"Location\" value=\"\" \/>\n\t\t<\/div>\n\n\t\t\t\t\t<div class=\"search_remote_position\">\n\t\t\t\t<input type=\"checkbox\" class=\"input-checkbox\" name=\"remote_position\" id=\"remote_position\" placeholder=\"Location\" value=\"1\"  \/>\n\t\t\t\t<label for=\"remote_position\" id=\"remote_position_label\">Remote positions only<\/label>\n\t\t\t<\/div>\n\t\t\n\t\t<div style=\"clear: both\"><\/div>\n\n\t\t\n\t\t\t\t\t<div class=\"search_submit\">\n\t\t\t\t<input type=\"submit\" value=\"Search Jobs\">\n\t\t\t<\/div>\n\t\t\n\t\t\t<\/div>\n\n\t\t<ul class=\"job_types\">\n\t\t\t\t\t<li><label for=\"job_type_freelance\" class=\"freelance\"><input type=\"checkbox\" name=\"filter_job_type[]\" value=\"freelance\"  checked='checked' id=\"job_type_freelance\" \/> Freelance<\/label><\/li>\n\t\t\t\t\t<li><label for=\"job_type_full-time\" class=\"full-time\"><input type=\"checkbox\" name=\"filter_job_type[]\" value=\"full-time\"  checked='checked' id=\"job_type_full-time\" \/> Full Time<\/label><\/li>\n\t\t\t\t\t<li><label for=\"job_type_internship\" class=\"internship\"><input type=\"checkbox\" name=\"filter_job_type[]\" value=\"internship\"  checked='checked' id=\"job_type_internship\" \/> Internship<\/label><\/li>\n\t\t\t\t\t<li><label for=\"job_type_part-time\" class=\"part-time\"><input type=\"checkbox\" name=\"filter_job_type[]\" value=\"part-time\"  checked='checked' id=\"job_type_part-time\" \/> Part Time<\/label><\/li>\n\t\t\t\t\t<li><label for=\"job_type_temporary\" class=\"temporary\"><input type=\"checkbox\" name=\"filter_job_type[]\" value=\"temporary\"  checked='checked' id=\"job_type_temporary\" \/> Temporary<\/label><\/li>\n\t\t\t<\/ul>\n\t<input type=\"hidden\" name=\"filter_job_type[]\" value=\"\" \/>\n<div class=\"showing_jobs\"><\/div><\/form>\n\n\n<noscript>Your browser does not support JavaScript, or it is disabled. JavaScript must be enabled in order to view listings.<\/noscript>\n<ul class=\"job_listings\">\n<\/ul>\n<a class=\"load_more_jobs\" href=\"#\" style=\"display:none;\"><strong>Load more listings<\/strong><\/a><\/div>[\/vc_column_text][\/vc_column][\/vc_row][vc_row el_class=&#8221;intro4 min-box align-center&#8221; full_width=&#8221;stretch_row_content&#8221; css=&#8221;.vc_custom_1433837378471{margin-bottom: 70px !important;background-color: #fdc502 !important;}&#8221;][vc_column width=&#8221;2\/3&#8243;][vc_custom_heading text=&#8221;If you find a high quality constructor for your project?&#8221; font_container=&#8221;tag:h3|font_size:22|text_align:center|color:%23ffffff&#8221;][\/vc_column][vc_column width=&#8221;1\/3&#8243;][vc_btn title=&#8221;GET A QUOTE&#8221; style=&#8221;outline&#8221; shape=&#8221;square&#8221; color=&#8221;white&#8221; link=&#8221;url:%23||&#8221;][\/vc_column][\/vc_row]<\/p>\n<\/div>","protected":false},"excerpt":{"rendered":"<p>[vc_row css=&#8221;.vc_custom_1432547512827{margin-bottom: 50px !important;}&#8221;][vc_column width=&#8221;1\/4&#8243;][vc_widget_sidebar sidebar_id=&#8221;sidebar&#8221;][\/vc_column][vc_column width=&#8221;3\/4&#8243;][vc_custom_heading text=&#8221;BENEFICII \u0218I RECOMPENSE&#8221; css=&#8221;.vc_custom_1736539356149{margin-bottom: 20px !important;}&#8221; el_class=&#8221;heading-title-3&#8243;][vc_accordion][vc_accordion_tab title=&#8221;S\u0103n\u0103tate \u0219i bun\u0103stare corporativ\u0103&#8221;][vc_column_text css=&#8221;&#8221;]Nu ezita\u021bi s\u0103 ne contacta\u021bi dac\u0103 ave\u021bi \u00eentreb\u0103ri sau nel\u0103muriri. Suntem aici pentru a v\u0103 ajuta \u0219i suntem bucuro\u0219i s\u0103 v\u0103 rezolv\u0103m orice problem\u0103. V\u0103 rug\u0103m s\u0103 nu ezita\u021bi s\u0103 ne contacta\u021bi oric\u00e2nd. V\u0103 vom reveni c\u00e2t [&hellip;]<\/p>\n","protected":false},"author":1,"featured_media":0,"parent":61,"menu_order":0,"comment_status":"closed","ping_status":"closed","template":"","meta":{"footnotes":""},"class_list":["post-74448","page","type-page","status-publish","hentry"],"_links":{"self":[{"href":"https:\/\/gpme.ro\/index.php?rest_route=\/wp\/v2\/pages\/74448","targetHints":{"allow":["GET"]}}],"collection":[{"href":"https:\/\/gpme.ro\/index.php?rest_route=\/wp\/v2\/pages"}],"about":[{"href":"https:\/\/gpme.ro\/index.php?rest_route=\/wp\/v2\/types\/page"}],"author":[{"embeddable":true,"href":"https:\/\/gpme.ro\/index.php?rest_route=\/wp\/v2\/users\/1"}],"replies":[{"embeddable":true,"href":"https:\/\/gpme.ro\/index.php?rest_route=%2Fwp%2Fv2%2Fcomments&post=74448"}],"version-history":[{"count":3,"href":"https:\/\/gpme.ro\/index.php?rest_route=\/wp\/v2\/pages\/74448\/revisions"}],"predecessor-version":[{"id":75477,"href":"https:\/\/gpme.ro\/index.php?rest_route=\/wp\/v2\/pages\/74448\/revisions\/75477"}],"up":[{"embeddable":true,"href":"https:\/\/gpme.ro\/index.php?rest_route=\/wp\/v2\/pages\/61"}],"wp:attachment":[{"href":"https:\/\/gpme.ro\/index.php?rest_route=%2Fwp%2Fv2%2Fmedia&parent=74448"}],"curies":[{"name":"wp","href":"https:\/\/api.w.org\/{rel}","templated":true}]}}