{"id":61,"date":"2015-03-02T04:38:49","date_gmt":"2015-03-01T21:38:49","guid":{"rendered":"https:\/\/structure.thememove.com\/?page_id=61"},"modified":"2025-01-11T10:09:32","modified_gmt":"2025-01-11T10:09:32","slug":"company","status":"publish","type":"page","link":"https:\/\/gpme.ro\/?page_id=61","title":{"rendered":"Company"},"content":{"rendered":"<div class=\"wpb-content-wrapper\"><p>[vc_row css=&#8221;.vc_custom_1433564201242{margin-top: 20px !important;margin-bottom: 70px !important;}&#8221;][vc_column width=&#8221;1\/4&#8243;][vc_column_text][vc_widget_sidebar sidebar_id=&#8221;sidebar&#8221;][\/vc_column_text][vc_separator css=&#8221;&#8221;][vc_video css=&#8221;&#8221;][vc_separator css=&#8221;&#8221;][vc_cta css=&#8221;&#8221;]I am promo text. Click edit button to change this text. Lorem ipsum dolor sit amet, consectetur adipiscing elit. Ut elit tellus, luctus nec ullamcorper mattis, pulvinar dapibus leo.[\/vc_cta][vc_separator css=&#8221;&#8221;][vc_message css=&#8221;&#8221;]<strong>Protec\u021bia \u00eempotriva \u0219ocurilor electrice<\/strong><br \/>\nUna dintre cerin\u021bele fundamentale ale normelor electrice este protec\u021bia utilizatorilor \u00eempotriva \u0219ocurilor electrice. Aceste norme stabilesc modul \u00een care trebuie realizate instala\u021biile electrice pentru a preveni accidentele cauzate de contactul direct sau indirect cu curentul electric. Printre m\u0103surile de protec\u021bie se num\u0103r\u0103 utilizarea \u00eentrerup\u0103toarelor diferen\u021biale, a siguran\u021belor, protec\u021bia \u00eempotriva suprasarcinilor \u0219i a scurtcircuitelor, precum \u0219i a leg\u0103turilor de p\u0103m\u00e2nt.[\/vc_message][vc_copyright css=&#8221;&#8221;][\/vc_column][vc_column width=&#8221;3\/4&#8243;][vc_row_inner css=&#8221;.vc_custom_1433561568541{margin-bottom: 50px !important;}&#8221;][vc_column_inner][rev_slider_vc alias=&#8221;homepage-02&#8243;][\/vc_column_inner][\/vc_row_inner][vc_custom_heading text=&#8221;Beneficiile de a lucra cu o firm\u0103 profesionist\u0103&#8221; font_container=&#8221;tag:h2|font_size:20|text_align:left|color:%23111111&#8243; css=&#8221;&#8221; el_class=&#8221;heading-title-3&#8243;][vc_column_text css=&#8221;&#8221;]Atunci c\u00e2nd optezi s\u0103 colaborezi cu o firm\u0103 pentru un proiect sau un serviciu, exist\u0103 mai multe avantaje care te pot ajuta s\u0103 economise\u0219ti timp, resurse \u0219i s\u0103 ob\u021bii rezultate mai bune. Indiferent de domeniul \u00een care activeaz\u0103 firma (construc\u021bii, IT, consultan\u021b\u0103, marketing etc.), beneficiile colabor\u0103rii cu o companie profesionist\u0103 sunt evidente. Iat\u0103 c\u00e2teva dintre cele mai importante avantaje:<\/p>\n<ol>\n<li>Experien\u021b\u0103 \u0219i Expertiz\u0103 Profesional\u0103<\/li>\n<\/ol>\n<p>Firmele profesioniste dispun de o echip\u0103 de speciali\u0219ti cu experien\u021b\u0103 vast\u0103 \u00een domeniul lor de activitate. Aceasta \u00eenseamn\u0103 c\u0103, indiferent de complexitatea proiectului, po\u021bi fi sigur c\u0103 vei primi solu\u021bii de calitate, realizate conform celor mai bune practici.<\/p>\n<ol start=\"2\">\n<li>Eficien\u021b\u0103 \u0219i Economie de Timp<\/li>\n<\/ol>\n<p>Lucr\u00e2nd cu o firm\u0103 profesionist\u0103, economise\u0219ti timp considerabil. Echipele de profesioni\u0219ti sunt capabile s\u0103 finalizeze proiectele mai rapid datorit\u0103 organiz\u0103rii interne \u0219i utiliz\u0103rii echipamentelor \u0219i tehnologiilor moderne.<\/p>\n<ol start=\"3\">\n<li>Resurse \u0219i Echipamente Specializate<\/li>\n<\/ol>\n<p>Firmele profesioniste au acces la resurse \u0219i echipamente de ultim\u0103 genera\u021bie, care \u00ee\u021bi permit s\u0103 realizezi proiecte la cele mai \u00eenalte standarde. Aceste echipamente sunt adesea costisitoare \u0219i ar putea fi inaccesibile pentru o persoan\u0103 sau o mic\u0103 echip\u0103 independent\u0103.<\/p>\n<ol start=\"4\">\n<li>Calitate Garantat\u0103<\/li>\n<\/ol>\n<p>O firm\u0103 profesionist\u0103 va pune accent pe respectarea standardelor de calitate \u0219i va garanta c\u0103 livrarea serviciilor sau a produselor se va face conform unui anumit standard. Acestea sunt adesea reglementate prin certific\u0103ri, licen\u021be<\/p>\n<ol start=\"5\">\n<li>Gestionarea Riscurilor \u0219i Siguran\u021ba<\/li>\n<\/ol>\n<p>Firmele profesioniste sunt mai bine preg\u0103tite s\u0103 gestioneze riscurile asociate unui proiect. De asemenea, acestea sunt conforme cu legisla\u021bia \u00een vigoare \u0219i dispun de poli\u021be de asigurare care protejeaz\u0103 at\u00e2t clientul, c\u00e2t \u0219i angaja\u021bii lor.<\/p>\n<ol start=\"6\">\n<li>Transparen\u021b\u0103 \u0219i Comunicare Clar\u0103<\/li>\n<\/ol>\n<p>Firmele profesioniste sunt orientate c\u0103tre o comunicare eficient\u0103 cu clien\u021bii lor. Ele \u00ee\u021bi vor explica toate etapele proiectului, vor oferi estim\u0103ri corecte de costuri \u0219i vor fi deschise \u00een leg\u0103tur\u0103 cu orice modific\u0103ri care ar putea ap\u0103rea.<\/p>\n<ol start=\"7\">\n<li>Suport \u0219i Servicii Post-Proiect<\/li>\n<\/ol>\n<p>Dup\u0103 finalizarea unui proiect, multe firme ofer\u0103 suport continuu \u0219i servicii post-proiect. Aceasta poate include asisten\u021b\u0103 \u00een utilizarea produselor, mentenan\u021b\u0103, repara\u021bii sau actualiz\u0103ri, \u00een func\u021bie de natura colabor\u0103rii.<\/p>\n<p>&nbsp;<\/p>\n<p>&nbsp;<\/p>\n<p><strong>\u00a0<\/strong>[\/vc_column_text][vc_custom_heading text=&#8221;OUR MISSION&#8221; font_container=&#8221;tag:h2|font_size:20|text_align:left|color:%23111111&#8243; css=&#8221;.vc_custom_1433405423572{margin-top: 30px !important;}&#8221; el_class=&#8221;heading-title-3&#8243;][vc_row_inner el_class=&#8221;align-center .certifications-block&#8221;][vc_column_inner width=&#8221;1\/3&#8243;][vc_column_text]<img decoding=\"async\" src=\"https:\/\/structure.thememove.com\/data\/homev2\/about03.jpg\" alt=\"structure\" \/><\/p>\n<h4>SAFETY<\/h4>\n<p>Safety is the most important of our core values. It is our first priority during every work day.[\/vc_column_text][\/vc_column_inner][vc_column_inner width=&#8221;1\/3&#8243;][vc_column_text]<img decoding=\"async\" src=\"https:\/\/structure.thememove.com\/data\/homev2\/about04.jpg\" alt=\"structure\" \/><\/p>\n<h4>COMMUNITY<\/h4>\n<p>Involvement in and support of the community are at the heart of our company.[\/vc_column_text][\/vc_column_inner][vc_column_inner width=&#8221;1\/3&#8243;][vc_column_text]<img decoding=\"async\" src=\"https:\/\/structure.thememove.com\/data\/homev2\/about05.jpg\" alt=\"structure\" \/><\/p>\n<h4>SUSTANABILITY<\/h4>\n<p>Structure\u2019s commitment to green building and sustainability is long-standing.[\/vc_column_text][\/vc_column_inner][\/vc_row_inner][\/vc_column][\/vc_row][vc_row el_class=&#8221;intro4 align-center min-box&#8221; full_width=&#8221;stretch_row_content&#8221; css=&#8221;.vc_custom_1433564144185{margin-bottom: 0px !important;background-color: #fdc502 !important;}&#8221;][vc_column width=&#8221;2\/3&#8243;][vc_custom_heading text=&#8221;If you find a high quality constructor for your project?&#8221; font_container=&#8221;tag:h3|font_size:22|text_align:center|color:%23ffffff&#8221;][\/vc_column][vc_column width=&#8221;1\/3&#8243;][vc_btn title=&#8221;GET A QUOTE&#8221; style=&#8221;outline&#8221; shape=&#8221;square&#8221; color=&#8221;white&#8221; link=&#8221;url:%23||&#8221;][\/vc_column][\/vc_row][vc_row][vc_column][vc_empty_space height=&#8221;70px&#8221;][\/vc_column][\/vc_row]<\/p>\n<\/div>","protected":false},"excerpt":{"rendered":"<p>[vc_row css=&#8221;.vc_custom_1433564201242{margin-top: 20px !important;margin-bottom: 70px !important;}&#8221;][vc_column width=&#8221;1\/4&#8243;][vc_column_text][vc_widget_sidebar sidebar_id=&#8221;sidebar&#8221;][\/vc_column_text][vc_separator css=&#8221;&#8221;][vc_video css=&#8221;&#8221;][vc_separator css=&#8221;&#8221;][vc_cta css=&#8221;&#8221;]I am promo text. Click edit button to change this text. Lorem ipsum dolor sit amet, consectetur adipiscing elit. Ut elit tellus, luctus nec ullamcorper mattis, pulvinar dapibus leo.[\/vc_cta][vc_separator css=&#8221;&#8221;][vc_message css=&#8221;&#8221;]Protec\u021bia \u00eempotriva \u0219ocurilor electrice Una dintre cerin\u021bele fundamentale ale normelor electrice este protec\u021bia utilizatorilor [&hellip;]<\/p>\n","protected":false},"author":1,"featured_media":0,"parent":0,"menu_order":0,"comment_status":"closed","ping_status":"closed","template":"","meta":{"footnotes":""},"class_list":["post-61","page","type-page","status-publish","hentry"],"_links":{"self":[{"href":"https:\/\/gpme.ro\/index.php?rest_route=\/wp\/v2\/pages\/61","targetHints":{"allow":["GET"]}}],"collection":[{"href":"https:\/\/gpme.ro\/index.php?rest_route=\/wp\/v2\/pages"}],"about":[{"href":"https:\/\/gpme.ro\/index.php?rest_route=\/wp\/v2\/types\/page"}],"author":[{"embeddable":true,"href":"https:\/\/gpme.ro\/index.php?rest_route=\/wp\/v2\/users\/1"}],"replies":[{"embeddable":true,"href":"https:\/\/gpme.ro\/index.php?rest_route=%2Fwp%2Fv2%2Fcomments&post=61"}],"version-history":[{"count":8,"href":"https:\/\/gpme.ro\/index.php?rest_route=\/wp\/v2\/pages\/61\/revisions"}],"predecessor-version":[{"id":75497,"href":"https:\/\/gpme.ro\/index.php?rest_route=\/wp\/v2\/pages\/61\/revisions\/75497"}],"wp:attachment":[{"href":"https:\/\/gpme.ro\/index.php?rest_route=%2Fwp%2Fv2%2Fmedia&parent=61"}],"curies":[{"name":"wp","href":"https:\/\/api.w.org\/{rel}","templated":true}]}}